{"id":859,"date":"2017-05-02T22:05:55","date_gmt":"2017-05-02T20:05:55","guid":{"rendered":"http:\/\/ig-binational.ch\/treffpunkte\/"},"modified":"2023-11-19T17:11:53","modified_gmt":"2023-11-19T16:11:53","slug":"groupes-de-rencontre","status":"publish","type":"page","link":"https:\/\/ig-binational.ch\/fr\/groupes-de-rencontre\/","title":{"rendered":"Groupes de rencontres"},"content":{"rendered":"<p>Le cadre convivial des \u00ab\u00a0points de rencontre\u00a0\u00bb offre aux personnes int\u00e9ress\u00e9es la possibilit\u00e9&nbsp; de s\u2019informer, de faire connaissance, et d\u2019\u00e9changer avec d\u2019autres couples binationaux de la m\u00eame r\u00e9gion. Toutes les manifestations sont gratuites et publiques, toute personne int\u00e9ress\u00e9e est la bienvenue.<\/p>\n","protected":false},"excerpt":{"rendered":"<p>Le cadre convivial des \u00ab\u00a0points de rencontre\u00a0\u00bb offre aux personnes int\u00e9ress\u00e9es la possibilit\u00e9&nbsp; de s\u2019informer, de faire connaissance, et d\u2019\u00e9changer avec d\u2019autres couples binationaux de la m\u00eame r\u00e9gion. Toutes les manifestations sont gratuites et publiques, toute personne int\u00e9ress\u00e9e est la bienvenue.<\/p>\n","protected":false},"author":1,"featured_media":0,"parent":0,"menu_order":0,"comment_status":"closed","ping_status":"closed","template":"page-treffpunkte.php","meta":{"_acf_changed":false,"footnotes":""},"class_list":["post-859","page","type-page","status-publish","hentry"],"acf":[],"_links":{"self":[{"href":"https:\/\/ig-binational.ch\/fr\/wp-json\/wp\/v2\/pages\/859","targetHints":{"allow":["GET"]}}],"collection":[{"href":"https:\/\/ig-binational.ch\/fr\/wp-json\/wp\/v2\/pages"}],"about":[{"href":"https:\/\/ig-binational.ch\/fr\/wp-json\/wp\/v2\/types\/page"}],"author":[{"embeddable":true,"href":"https:\/\/ig-binational.ch\/fr\/wp-json\/wp\/v2\/users\/1"}],"replies":[{"embeddable":true,"href":"https:\/\/ig-binational.ch\/fr\/wp-json\/wp\/v2\/comments?post=859"}],"version-history":[{"count":9,"href":"https:\/\/ig-binational.ch\/fr\/wp-json\/wp\/v2\/pages\/859\/revisions"}],"predecessor-version":[{"id":2111,"href":"https:\/\/ig-binational.ch\/fr\/wp-json\/wp\/v2\/pages\/859\/revisions\/2111"}],"wp:attachment":[{"href":"https:\/\/ig-binational.ch\/fr\/wp-json\/wp\/v2\/media?parent=859"}],"curies":[{"name":"wp","href":"https:\/\/api.w.org\/{rel}","templated":true}]}}