{"id":837,"date":"2017-05-02T22:05:35","date_gmt":"2017-05-02T20:05:35","guid":{"rendered":"http:\/\/ig-binational.ch\/fokus\/"},"modified":"2017-05-02T22:05:35","modified_gmt":"2017-05-02T20:05:35","slug":"fokus","status":"publish","type":"page","link":"http:\/\/ig-binational.ch\/en\/fokus\/","title":{"rendered":"Fokus"},"content":{"rendered":"<p>In unserem \u201eFokus\u201c finden sich Texte die uns interessieren und bewegen. Sie behandeln Themen rund um Liebe und Migration, Zugeh\u00f6rigkeit und Ausgrenzung, der politischen Relevanz des Pers\u00f6nlichen und M\u00f6glichkeiten der Teilnahme in der postmigrantischen Gesellschaft.<\/p>\n","protected":false},"excerpt":{"rendered":"<p>In unserem \u201eFokus\u201c finden sich Texte die uns interessieren und bewegen. Sie behandeln Themen rund um Liebe und Migration, Zugeh\u00f6rigkeit und Ausgrenzung, der politischen Relevanz des Pers\u00f6nlichen und M\u00f6glichkeiten der Teilnahme in der postmigrantischen Gesellschaft.<\/p>\n","protected":false},"author":1,"featured_media":0,"parent":0,"menu_order":0,"comment_status":"closed","ping_status":"closed","template":"page-fokus.php","meta":{"_acf_changed":false,"footnotes":""},"class_list":["post-837","page","type-page","status-publish","hentry"],"acf":[],"_links":{"self":[{"href":"http:\/\/ig-binational.ch\/en\/wp-json\/wp\/v2\/pages\/837","targetHints":{"allow":["GET"]}}],"collection":[{"href":"http:\/\/ig-binational.ch\/en\/wp-json\/wp\/v2\/pages"}],"about":[{"href":"http:\/\/ig-binational.ch\/en\/wp-json\/wp\/v2\/types\/page"}],"author":[{"embeddable":true,"href":"http:\/\/ig-binational.ch\/en\/wp-json\/wp\/v2\/users\/1"}],"replies":[{"embeddable":true,"href":"http:\/\/ig-binational.ch\/en\/wp-json\/wp\/v2\/comments?post=837"}],"version-history":[{"count":0,"href":"http:\/\/ig-binational.ch\/en\/wp-json\/wp\/v2\/pages\/837\/revisions"}],"wp:attachment":[{"href":"http:\/\/ig-binational.ch\/en\/wp-json\/wp\/v2\/media?parent=837"}],"curies":[{"name":"wp","href":"https:\/\/api.w.org\/{rel}","templated":true}]}}